{"id":5701,"date":"2023-02-17T15:14:31","date_gmt":"2023-02-17T14:14:31","guid":{"rendered":"http:\/\/demo2.wpresidence.net\/?page_id=5701"},"modified":"2024-06-03T18:11:13","modified_gmt":"2024-06-03T16:11:13","slug":"agents-list-sidebar-right-2","status":"publish","type":"page","link":"https:\/\/dubaifastigheter.axessdata.se\/?page_id=5701","title":{"rendered":"M\u00e4klares Lista &#8211; Sidof\u00e4lt H\u00f6ger"},"content":{"rendered":"<div class=\"wpb-content-wrapper\"><p>[vc_row][vc_column][vc_column_text]Vi tycker om att se oss sj\u00e4lva som en liten men perfekt utformad uthyrning &amp; f\u00f6rvaltningsbyr\u00e5. Genom att arbeta f\u00e5r du den exponering, kunskap och expertis du kan f\u00f6rv\u00e4nta dig av en stor agent, men tj\u00e4nsten f\u00e5r du bara fr\u00e5n ett mindre f\u00f6retag byggt kring 100% kund- och hyresg\u00e4stfokus.<\/p>\n<p>Oavsett om du letar efter fastighet till salu i New York-omr\u00e5det eller fastighet att hyra, g\u00f6r WP Residence det enkelt att s\u00f6ka. Anv\u00e4nd v\u00e5r unika kartl\u00e4ggningsfunktion f\u00f6r geolokalisering f\u00f6r att utrota din idealiska villa, radhus eller l\u00e4genhet och kontakta \u00e4garna direkt. Vi hj\u00e4lper dig att hitta ditt dr\u00f6mhus p\u00e5 bara n\u00e5gra sekunder.[\/vc_column_text][\/vc_column][\/vc_row]<\/p>\n<\/div>","protected":false},"excerpt":{"rendered":"<p>[vc_row][vc_column][vc_column_text]Vi tycker om att se oss sj\u00e4lva som en liten men perfekt utformad uthyrning &amp; f\u00f6rvaltningsbyr\u00e5. Genom att arbeta f\u00e5r du den exponering, kunskap och expertis du kan f\u00f6rv\u00e4nta dig av en stor agent, men tj\u00e4nsten f\u00e5r du bara fr\u00e5n ett mindre f\u00f6retag byggt kring 100% kund- och hyresg\u00e4stfokus. Oavsett om du letar efter fastighet till salu i New York-omr\u00e5det eller fastighet att hyra, &#8230;<\/p>\n","protected":false},"author":1,"featured_media":0,"parent":0,"menu_order":0,"comment_status":"open","ping_status":"closed","template":"agents_list.php","meta":{"inline_featured_image":false,"footnotes":""},"class_list":["post-5701","page","type-page","status-publish","hentry"],"_links":{"self":[{"href":"https:\/\/dubaifastigheter.axessdata.se\/index.php?rest_route=\/wp\/v2\/pages\/5701","targetHints":{"allow":["GET"]}}],"collection":[{"href":"https:\/\/dubaifastigheter.axessdata.se\/index.php?rest_route=\/wp\/v2\/pages"}],"about":[{"href":"https:\/\/dubaifastigheter.axessdata.se\/index.php?rest_route=\/wp\/v2\/types\/page"}],"author":[{"embeddable":true,"href":"https:\/\/dubaifastigheter.axessdata.se\/index.php?rest_route=\/wp\/v2\/users\/1"}],"replies":[{"embeddable":true,"href":"https:\/\/dubaifastigheter.axessdata.se\/index.php?rest_route=%2Fwp%2Fv2%2Fcomments&post=5701"}],"version-history":[{"count":2,"href":"https:\/\/dubaifastigheter.axessdata.se\/index.php?rest_route=\/wp\/v2\/pages\/5701\/revisions"}],"predecessor-version":[{"id":22053,"href":"https:\/\/dubaifastigheter.axessdata.se\/index.php?rest_route=\/wp\/v2\/pages\/5701\/revisions\/22053"}],"wp:attachment":[{"href":"https:\/\/dubaifastigheter.axessdata.se\/index.php?rest_route=%2Fwp%2Fv2%2Fmedia&parent=5701"}],"curies":[{"name":"wp","href":"https:\/\/api.w.org\/{rel}","templated":true}]}}